{"id":104,"date":"2018-06-14T11:36:11","date_gmt":"2018-06-14T09:36:11","guid":{"rendered":"http:\/\/www.maryvonne.eu\/?page_id=104"},"modified":"2023-04-10T10:14:18","modified_gmt":"2023-04-10T08:14:18","slug":"francais","status":"publish","type":"page","link":"https:\/\/maryvonne.eu\/?page_id=104","title":{"rendered":"Fran\u00e7ais"},"content":{"rendered":"<p>Commander un portrait?<\/p>\n<p><img loading=\"lazy\" decoding=\"async\" class=\"alignnone size-medium wp-image-112 aligncenter\" src=\"http:\/\/www.maryvonne.eu\/wp-content\/uploads\/2018\/06\/FullSizeRender-300x298.jpg\" alt=\"\" width=\"300\" height=\"298\" srcset=\"https:\/\/maryvonne.eu\/wp-content\/uploads\/2018\/06\/FullSizeRender-300x298.jpg 300w, https:\/\/maryvonne.eu\/wp-content\/uploads\/2018\/06\/FullSizeRender-150x150.jpg 150w, https:\/\/maryvonne.eu\/wp-content\/uploads\/2018\/06\/FullSizeRender-768x762.jpg 768w, https:\/\/maryvonne.eu\/wp-content\/uploads\/2018\/06\/FullSizeRender-1024x1016.jpg 1024w, https:\/\/maryvonne.eu\/wp-content\/uploads\/2018\/06\/FullSizeRender-655x650.jpg 655w, https:\/\/maryvonne.eu\/wp-content\/uploads\/2018\/06\/FullSizeRender.jpg 1885w\" sizes=\"(max-width: 300px) 100vw, 300px\" \/><\/p>\n<p>Vous pouvez commander un portrait et ainsi partager le combat contre le Cancer et Multiple Scl\u00e9rose. Le montant re\u00e7u pour chaque portrait command\u00e9 et peints pour vous, sera divis\u00e9 pour \u00eatre donn\u00e9 aux instituts de recherche m\u00e9dicales comme vous choisirez.<\/p>\n<p>Je peins apr\u00e8s photos, donc pas besoin de s\u00e9ances de pose. Vous pouvez m&#8217;envoyez un photographe tr\u00e8s bien \u00e9clair\u00e9 (pas contre-jour)<\/p>\n<p><i>&#8220;un photo bien \u00e9clair\u00e9 a au moins \u00a02048 pixels \u00e0 la\u00a0longueur&#8221;<\/i><\/p>\n<p>Un portrait peut-\u00eatre commander<\/p>\n<p>en A5 = \u20ac 200<\/p>\n<p>en A4 = \u20ac 350<\/p>\n<p>~~~~~~~~~~~~~~~~~~~~~~~~~~~~~~~~~~~~~~~~~~~~~~<\/p>\n<p><img loading=\"lazy\" decoding=\"async\" class=\"alignnone size-medium wp-image-89 aligncenter\" src=\"http:\/\/www.maryvonne.eu\/wp-content\/uploads\/2018\/06\/image-3-300x300.jpeg\" alt=\"\" width=\"300\" height=\"300\" srcset=\"https:\/\/maryvonne.eu\/wp-content\/uploads\/2018\/06\/image-3-300x300.jpeg 300w, https:\/\/maryvonne.eu\/wp-content\/uploads\/2018\/06\/image-3-150x150.jpeg 150w, https:\/\/maryvonne.eu\/wp-content\/uploads\/2018\/06\/image-3-768x768.jpeg 768w, https:\/\/maryvonne.eu\/wp-content\/uploads\/2018\/06\/image-3-1024x1024.jpeg 1024w, https:\/\/maryvonne.eu\/wp-content\/uploads\/2018\/06\/image-3-655x655.jpeg 655w, https:\/\/maryvonne.eu\/wp-content\/uploads\/2018\/06\/image-3.jpeg 1774w\" sizes=\"(max-width: 300px) 100vw, 300px\" \/><\/p>\n<p>Vous aimez bien votre animal domestique et vous prenez soin de lui bien-s\u00fbr. Vous aimerez que autres animaux seront bien garder et soigner aussi? Maintenant vous avez la possibilit\u00e9 de laisser peindre un portrait de v\u00f4tre animal domestique et au m\u00eame temps aider les associations qui donnent refuge aux animaux abandonn\u00e9s ou errants.<\/p>\n<p>Comment \u00e7a marche:<\/p>\n<p>Vous pouvez commander un portrait d&#8217;un animal domestique et le moiti\u00e9 du montant re\u00e7u sera donner \u00e0 un association ou refuge d&#8217;ou on s&#8217;occupe de les animaux abandonn\u00e9s et\/ou errants. Du moment le portrait est pr\u00eat il sera envoy\u00e9 \u00e0 votre adresse.<\/p>\n<p>On peu commander le portrait en<\/p>\n<p>A5 = \u20ac 150<\/p>\n<p>A4 = \u20ac 200<\/p>\n<p>~~~~~~~~~~~~~~~~~~~~~~~~~~~~~~~~~~~~~~~~~~~~~~~~<\/p>\n<p style=\"text-align: left;\">N\u00e9 en Pays Bas et v\u00e9cu l\u00e0 bas jusqu&#8217;au 2007 et en suite \u00e9migr\u00e9e en France.<\/p>\n<p>Ma passion est de peindre portraits humains et animales. Je peins en pastel, mon mat\u00e9riel de pr\u00e9dilection!<\/p>\n<p>~~~~~~~~~~~~~~~~~~~~~~~~~~~~~~~~~~~~~~~~~~~~~~~~~~~~~~~~~~~~~~~~~~~~~~~~~<\/p>\n<p>R\u00e9sultats et virements seront publi\u00e9 sur ce site.<\/p>\n","protected":false},"excerpt":{"rendered":"<p>Commander un portrait? Vous pouvez commander un portrait et ainsi partager le combat contre le Cancer et Multiple Scl\u00e9rose. Le montant re\u00e7u pour chaque portrait command\u00e9 et peints pour vous, sera divis\u00e9 pour \u00eatre donn\u00e9&#8230;<\/p>\n","protected":false},"author":1,"featured_media":0,"parent":0,"menu_order":1,"comment_status":"closed","ping_status":"closed","template":"","meta":{"footnotes":""},"_links":{"self":[{"href":"https:\/\/maryvonne.eu\/index.php?rest_route=\/wp\/v2\/pages\/104"}],"collection":[{"href":"https:\/\/maryvonne.eu\/index.php?rest_route=\/wp\/v2\/pages"}],"about":[{"href":"https:\/\/maryvonne.eu\/index.php?rest_route=\/wp\/v2\/types\/page"}],"author":[{"embeddable":true,"href":"https:\/\/maryvonne.eu\/index.php?rest_route=\/wp\/v2\/users\/1"}],"replies":[{"embeddable":true,"href":"https:\/\/maryvonne.eu\/index.php?rest_route=%2Fwp%2Fv2%2Fcomments&post=104"}],"version-history":[{"count":12,"href":"https:\/\/maryvonne.eu\/index.php?rest_route=\/wp\/v2\/pages\/104\/revisions"}],"predecessor-version":[{"id":314,"href":"https:\/\/maryvonne.eu\/index.php?rest_route=\/wp\/v2\/pages\/104\/revisions\/314"}],"wp:attachment":[{"href":"https:\/\/maryvonne.eu\/index.php?rest_route=%2Fwp%2Fv2%2Fmedia&parent=104"}],"curies":[{"name":"wp","href":"https:\/\/api.w.org\/{rel}","templated":true}]}}